{"id":4618,"date":"2022-09-26T21:43:28","date_gmt":"2022-09-26T19:43:28","guid":{"rendered":"https:\/\/www.deadendsedolci.ch\/?page_id=4618"},"modified":"2026-01-15T09:00:45","modified_gmt":"2026-01-15T08:00:45","slug":"dead-ends-dolci-2","status":"publish","type":"page","link":"https:\/\/www.deadendsedolci.ch\/it\/","title":{"rendered":"DEAD ENDS &#038; dolci"},"content":{"rendered":"\n<figure class=\"wp-block-pullquote is-style-solid-color\"><blockquote><p>cinque strade senza uscita (DEAD ENDS)<br>cinque dolci<br>libera scelta del percorso<br>\u2248 500 km \/ 10\u2019000 m disl.<br>offroad \/ gravel \/ MTB<br>bikepacking \/ self supported<br><br><br>2 &#8211; 4 Ottobre 2026<br>Bellinzona, Ticino<\/p><\/blockquote><\/figure>\n\n\n\n<p><\/p>\n\n\n\n<p class=\"has-text-align-center has-accent-color has-text-color has-link-color wp-elements-65060a251ae6c6802a2b6704a4c5677f\"><strong>La registrazione per DEAD ENDS &amp; dolci 2026 \u00e8 stata aperta dal 4 al 10 gennaio.<br>I partecipanti fortunati sono stati selezionati tramite sorteggio.<br>La lista d\u2019attesa \u00e8 completa.<\/strong><\/p>\n\n\n\n<p class=\"has-text-align-center\"><br><\/p>\n\n\n\n<div class=\"wp-block-buttons is-content-justification-center is-layout-flex wp-container-core-buttons-is-layout-16018d1d wp-block-buttons-is-layout-flex\"><\/div>\n\n\n\n    <div id=\"aid-gb-text-bild-block_38b84ade2c2d650ece2f166f2378e94a\" class=\"aid-gb-text-bild\">\n        <div class=\"row ltr\">\n            <div class=\"col-6\">\n\t\t\t\t                    <div class=\"image slick\">\n\t\t\t\t\t\t<img loading=\"lazy\" decoding=\"async\" width=\"580\" height=\"435\" src=\"https:\/\/www.deadendsedolci.ch\/wp-content\/uploads\/2023\/10\/2023_DEeD\u00a9TS-370-1-1024x768.jpg\" class=\"attachment-large size-large\" alt=\"\" srcset=\"https:\/\/www.deadendsedolci.ch\/wp-content\/uploads\/2023\/10\/2023_DEeD\u00a9TS-370-1-1024x768.jpg 1024w, https:\/\/www.deadendsedolci.ch\/wp-content\/uploads\/2023\/10\/2023_DEeD\u00a9TS-370-1-300x225.jpg 300w, https:\/\/www.deadendsedolci.ch\/wp-content\/uploads\/2023\/10\/2023_DEeD\u00a9TS-370-1-768x576.jpg 768w, https:\/\/www.deadendsedolci.ch\/wp-content\/uploads\/2023\/10\/2023_DEeD\u00a9TS-370-1-1536x1152.jpg 1536w, https:\/\/www.deadendsedolci.ch\/wp-content\/uploads\/2023\/10\/2023_DEeD\u00a9TS-370-1-2048x1536.jpg 2048w, https:\/\/www.deadendsedolci.ch\/wp-content\/uploads\/2023\/10\/2023_DEeD\u00a9TS-370-1-1200x900.jpg 1200w, https:\/\/www.deadendsedolci.ch\/wp-content\/uploads\/2023\/10\/2023_DEeD\u00a9TS-370-1-1980x1485.jpg 1980w\" sizes=\"auto, (max-width: 580px) 100vw, 580px\" \/><img loading=\"lazy\" decoding=\"async\" width=\"580\" height=\"387\" src=\"https:\/\/www.deadendsedolci.ch\/wp-content\/uploads\/2023\/10\/2023_DEeD\u00a9TS-306-1-1024x683.jpg\" class=\"attachment-large size-large\" alt=\"\" srcset=\"https:\/\/www.deadendsedolci.ch\/wp-content\/uploads\/2023\/10\/2023_DEeD\u00a9TS-306-1-1024x683.jpg 1024w, https:\/\/www.deadendsedolci.ch\/wp-content\/uploads\/2023\/10\/2023_DEeD\u00a9TS-306-1-300x200.jpg 300w, https:\/\/www.deadendsedolci.ch\/wp-content\/uploads\/2023\/10\/2023_DEeD\u00a9TS-306-1-768x512.jpg 768w, https:\/\/www.deadendsedolci.ch\/wp-content\/uploads\/2023\/10\/2023_DEeD\u00a9TS-306-1-1536x1025.jpg 1536w, https:\/\/www.deadendsedolci.ch\/wp-content\/uploads\/2023\/10\/2023_DEeD\u00a9TS-306-1-2048x1366.jpg 2048w, https:\/\/www.deadendsedolci.ch\/wp-content\/uploads\/2023\/10\/2023_DEeD\u00a9TS-306-1-1200x800.jpg 1200w, https:\/\/www.deadendsedolci.ch\/wp-content\/uploads\/2023\/10\/2023_DEeD\u00a9TS-306-1-1980x1321.jpg 1980w\" sizes=\"auto, (max-width: 580px) 100vw, 580px\" \/><img loading=\"lazy\" decoding=\"async\" width=\"580\" height=\"390\" src=\"https:\/\/www.deadendsedolci.ch\/wp-content\/uploads\/2023\/07\/2023_DEeD\u00a9TS-424-1024x689.jpg\" class=\"attachment-large size-large\" alt=\"\" srcset=\"https:\/\/www.deadendsedolci.ch\/wp-content\/uploads\/2023\/07\/2023_DEeD\u00a9TS-424-1024x689.jpg 1024w, https:\/\/www.deadendsedolci.ch\/wp-content\/uploads\/2023\/07\/2023_DEeD\u00a9TS-424-300x202.jpg 300w, https:\/\/www.deadendsedolci.ch\/wp-content\/uploads\/2023\/07\/2023_DEeD\u00a9TS-424-768x517.jpg 768w, https:\/\/www.deadendsedolci.ch\/wp-content\/uploads\/2023\/07\/2023_DEeD\u00a9TS-424-1536x1034.jpg 1536w, https:\/\/www.deadendsedolci.ch\/wp-content\/uploads\/2023\/07\/2023_DEeD\u00a9TS-424-2048x1378.jpg 2048w, https:\/\/www.deadendsedolci.ch\/wp-content\/uploads\/2023\/07\/2023_DEeD\u00a9TS-424-1200x808.jpg 1200w, https:\/\/www.deadendsedolci.ch\/wp-content\/uploads\/2023\/07\/2023_DEeD\u00a9TS-424-1980x1333.jpg 1980w\" sizes=\"auto, (max-width: 580px) 100vw, 580px\" \/><img loading=\"lazy\" decoding=\"async\" width=\"580\" height=\"387\" src=\"https:\/\/www.deadendsedolci.ch\/wp-content\/uploads\/2023\/10\/2023-Dead-Ends-Dolci-\u00a9JT-506-1024x683.jpg\" class=\"attachment-large size-large\" alt=\"\" srcset=\"https:\/\/www.deadendsedolci.ch\/wp-content\/uploads\/2023\/10\/2023-Dead-Ends-Dolci-\u00a9JT-506-1024x683.jpg 1024w, https:\/\/www.deadendsedolci.ch\/wp-content\/uploads\/2023\/10\/2023-Dead-Ends-Dolci-\u00a9JT-506-300x200.jpg 300w, https:\/\/www.deadendsedolci.ch\/wp-content\/uploads\/2023\/10\/2023-Dead-Ends-Dolci-\u00a9JT-506-768x512.jpg 768w, https:\/\/www.deadendsedolci.ch\/wp-content\/uploads\/2023\/10\/2023-Dead-Ends-Dolci-\u00a9JT-506-1536x1024.jpg 1536w, https:\/\/www.deadendsedolci.ch\/wp-content\/uploads\/2023\/10\/2023-Dead-Ends-Dolci-\u00a9JT-506-2048x1365.jpg 2048w, https:\/\/www.deadendsedolci.ch\/wp-content\/uploads\/2023\/10\/2023-Dead-Ends-Dolci-\u00a9JT-506-1200x800.jpg 1200w, https:\/\/www.deadendsedolci.ch\/wp-content\/uploads\/2023\/10\/2023-Dead-Ends-Dolci-\u00a9JT-506-1980x1320.jpg 1980w\" sizes=\"auto, (max-width: 580px) 100vw, 580px\" \/><img loading=\"lazy\" decoding=\"async\" width=\"580\" height=\"387\" src=\"https:\/\/www.deadendsedolci.ch\/wp-content\/uploads\/2023\/10\/2023-Dead-Ends-Dolci-\u00a9JT-444-1024x683.jpg\" class=\"attachment-large size-large\" alt=\"\" srcset=\"https:\/\/www.deadendsedolci.ch\/wp-content\/uploads\/2023\/10\/2023-Dead-Ends-Dolci-\u00a9JT-444-1024x683.jpg 1024w, https:\/\/www.deadendsedolci.ch\/wp-content\/uploads\/2023\/10\/2023-Dead-Ends-Dolci-\u00a9JT-444-300x200.jpg 300w, https:\/\/www.deadendsedolci.ch\/wp-content\/uploads\/2023\/10\/2023-Dead-Ends-Dolci-\u00a9JT-444-768x512.jpg 768w, https:\/\/www.deadendsedolci.ch\/wp-content\/uploads\/2023\/10\/2023-Dead-Ends-Dolci-\u00a9JT-444-1536x1024.jpg 1536w, https:\/\/www.deadendsedolci.ch\/wp-content\/uploads\/2023\/10\/2023-Dead-Ends-Dolci-\u00a9JT-444-2048x1365.jpg 2048w, https:\/\/www.deadendsedolci.ch\/wp-content\/uploads\/2023\/10\/2023-Dead-Ends-Dolci-\u00a9JT-444-1200x800.jpg 1200w, https:\/\/www.deadendsedolci.ch\/wp-content\/uploads\/2023\/10\/2023-Dead-Ends-Dolci-\u00a9JT-444-1980x1320.jpg 1980w\" sizes=\"auto, (max-width: 580px) 100vw, 580px\" \/><img loading=\"lazy\" decoding=\"async\" width=\"580\" height=\"387\" src=\"https:\/\/www.deadendsedolci.ch\/wp-content\/uploads\/2023\/10\/2023-Dead-Ends-Dolci-\u00a9JT-449-1-1024x683.jpg\" class=\"attachment-large size-large\" alt=\"\" srcset=\"https:\/\/www.deadendsedolci.ch\/wp-content\/uploads\/2023\/10\/2023-Dead-Ends-Dolci-\u00a9JT-449-1-1024x683.jpg 1024w, https:\/\/www.deadendsedolci.ch\/wp-content\/uploads\/2023\/10\/2023-Dead-Ends-Dolci-\u00a9JT-449-1-300x200.jpg 300w, https:\/\/www.deadendsedolci.ch\/wp-content\/uploads\/2023\/10\/2023-Dead-Ends-Dolci-\u00a9JT-449-1-768x512.jpg 768w, https:\/\/www.deadendsedolci.ch\/wp-content\/uploads\/2023\/10\/2023-Dead-Ends-Dolci-\u00a9JT-449-1-1536x1024.jpg 1536w, https:\/\/www.deadendsedolci.ch\/wp-content\/uploads\/2023\/10\/2023-Dead-Ends-Dolci-\u00a9JT-449-1-2048x1365.jpg 2048w, https:\/\/www.deadendsedolci.ch\/wp-content\/uploads\/2023\/10\/2023-Dead-Ends-Dolci-\u00a9JT-449-1-1200x800.jpg 1200w, https:\/\/www.deadendsedolci.ch\/wp-content\/uploads\/2023\/10\/2023-Dead-Ends-Dolci-\u00a9JT-449-1-1980x1320.jpg 1980w\" sizes=\"auto, (max-width: 580px) 100vw, 580px\" \/>                    <\/div>\n\t\t\t\t\t\t\t\t            <\/div>\n            <div class=\"col-6 text-align\">\n                <div class=\"text\">\n\t\t\t\t\t<p><span style=\"font-weight: 400;\">DEAD ENDS &amp; dolci sar\u00e0 il primo evento bikepacking del Ticino, con partenza e arrivo a Bellinzona. I partecipanti devono raggiungere cinque checkpoint scegliendo autonomamente la sequenza. Tutti i checkpoint si trovano al termine di una strada senza uscita, nel mezzo degli stupendi e variegati paesaggi montani del Ticino.<\/span><\/p>\n<p><span style=\"font-weight: 400;\">Le strade senza uscita solitamente vengono evitate. Proprio l\u00ec sta il loro fascino! Vie scavate nella roccia, ripide strade alpestri e rudimentali gallerie portano &#8211; quasi prive di traffico &#8211; ad un Alpeggio o alla fine di una valle.<\/span><\/p>\n<p><span style=\"font-weight: 400;\">L\u2019obiettivo \u00e8 far conoscere la regione ai ciclisti e di portarli in luoghi stupendi che per\u00f2 in parte sono ancora completamente sconosciuti.<\/span><\/p>\n                <\/div>\n            <\/div>\n        <\/div>\n    <\/div>\n\n\n\n<p><\/p>\n\n\n\n    <div id=\"aid-gb-text-bild-block_1b69a210321a9d0b4c78e515269a0fe3\" class=\"aid-gb-text-bild\">\n        <div class=\"row rtl\">\n            <div class=\"col-6\">\n\t\t\t\t                    <div class=\"image slick\">\n\t\t\t\t\t\t<img loading=\"lazy\" decoding=\"async\" width=\"580\" height=\"387\" src=\"https:\/\/www.deadendsedolci.ch\/wp-content\/uploads\/2023\/10\/2023-Dead-Ends-Dolci-\u00a9JT-487-1-1024x683.jpg\" class=\"attachment-large size-large\" alt=\"\" srcset=\"https:\/\/www.deadendsedolci.ch\/wp-content\/uploads\/2023\/10\/2023-Dead-Ends-Dolci-\u00a9JT-487-1-1024x683.jpg 1024w, https:\/\/www.deadendsedolci.ch\/wp-content\/uploads\/2023\/10\/2023-Dead-Ends-Dolci-\u00a9JT-487-1-300x200.jpg 300w, https:\/\/www.deadendsedolci.ch\/wp-content\/uploads\/2023\/10\/2023-Dead-Ends-Dolci-\u00a9JT-487-1-768x512.jpg 768w, https:\/\/www.deadendsedolci.ch\/wp-content\/uploads\/2023\/10\/2023-Dead-Ends-Dolci-\u00a9JT-487-1-1536x1024.jpg 1536w, https:\/\/www.deadendsedolci.ch\/wp-content\/uploads\/2023\/10\/2023-Dead-Ends-Dolci-\u00a9JT-487-1-2048x1365.jpg 2048w, https:\/\/www.deadendsedolci.ch\/wp-content\/uploads\/2023\/10\/2023-Dead-Ends-Dolci-\u00a9JT-487-1-1200x800.jpg 1200w, https:\/\/www.deadendsedolci.ch\/wp-content\/uploads\/2023\/10\/2023-Dead-Ends-Dolci-\u00a9JT-487-1-1980x1320.jpg 1980w\" sizes=\"auto, (max-width: 580px) 100vw, 580px\" \/><img loading=\"lazy\" decoding=\"async\" width=\"580\" height=\"387\" src=\"https:\/\/www.deadendsedolci.ch\/wp-content\/uploads\/2023\/10\/2023-Dead-Ends-Dolci-\u00a9JT-283-1024x683.jpg\" class=\"attachment-large size-large\" alt=\"\" srcset=\"https:\/\/www.deadendsedolci.ch\/wp-content\/uploads\/2023\/10\/2023-Dead-Ends-Dolci-\u00a9JT-283-1024x683.jpg 1024w, https:\/\/www.deadendsedolci.ch\/wp-content\/uploads\/2023\/10\/2023-Dead-Ends-Dolci-\u00a9JT-283-300x200.jpg 300w, https:\/\/www.deadendsedolci.ch\/wp-content\/uploads\/2023\/10\/2023-Dead-Ends-Dolci-\u00a9JT-283-768x512.jpg 768w, https:\/\/www.deadendsedolci.ch\/wp-content\/uploads\/2023\/10\/2023-Dead-Ends-Dolci-\u00a9JT-283-1536x1024.jpg 1536w, https:\/\/www.deadendsedolci.ch\/wp-content\/uploads\/2023\/10\/2023-Dead-Ends-Dolci-\u00a9JT-283-2048x1365.jpg 2048w, https:\/\/www.deadendsedolci.ch\/wp-content\/uploads\/2023\/10\/2023-Dead-Ends-Dolci-\u00a9JT-283-1200x800.jpg 1200w, https:\/\/www.deadendsedolci.ch\/wp-content\/uploads\/2023\/10\/2023-Dead-Ends-Dolci-\u00a9JT-283-1980x1320.jpg 1980w\" sizes=\"auto, (max-width: 580px) 100vw, 580px\" \/><img loading=\"lazy\" decoding=\"async\" width=\"580\" height=\"387\" src=\"https:\/\/www.deadendsedolci.ch\/wp-content\/uploads\/2023\/10\/2023-Dead-Ends-Dolci-\u00a9JT-286-1024x683.jpg\" class=\"attachment-large size-large\" alt=\"\" srcset=\"https:\/\/www.deadendsedolci.ch\/wp-content\/uploads\/2023\/10\/2023-Dead-Ends-Dolci-\u00a9JT-286-1024x683.jpg 1024w, https:\/\/www.deadendsedolci.ch\/wp-content\/uploads\/2023\/10\/2023-Dead-Ends-Dolci-\u00a9JT-286-300x200.jpg 300w, https:\/\/www.deadendsedolci.ch\/wp-content\/uploads\/2023\/10\/2023-Dead-Ends-Dolci-\u00a9JT-286-768x512.jpg 768w, https:\/\/www.deadendsedolci.ch\/wp-content\/uploads\/2023\/10\/2023-Dead-Ends-Dolci-\u00a9JT-286-1536x1024.jpg 1536w, https:\/\/www.deadendsedolci.ch\/wp-content\/uploads\/2023\/10\/2023-Dead-Ends-Dolci-\u00a9JT-286-2048x1365.jpg 2048w, https:\/\/www.deadendsedolci.ch\/wp-content\/uploads\/2023\/10\/2023-Dead-Ends-Dolci-\u00a9JT-286-1200x800.jpg 1200w, https:\/\/www.deadendsedolci.ch\/wp-content\/uploads\/2023\/10\/2023-Dead-Ends-Dolci-\u00a9JT-286-1980x1320.jpg 1980w\" sizes=\"auto, (max-width: 580px) 100vw, 580px\" \/><img loading=\"lazy\" decoding=\"async\" width=\"580\" height=\"387\" src=\"https:\/\/www.deadendsedolci.ch\/wp-content\/uploads\/2023\/10\/2023-Dead-Ends-Dolci-\u00a9JT-332-1024x683.jpg\" class=\"attachment-large size-large\" alt=\"\" srcset=\"https:\/\/www.deadendsedolci.ch\/wp-content\/uploads\/2023\/10\/2023-Dead-Ends-Dolci-\u00a9JT-332-1024x683.jpg 1024w, https:\/\/www.deadendsedolci.ch\/wp-content\/uploads\/2023\/10\/2023-Dead-Ends-Dolci-\u00a9JT-332-300x200.jpg 300w, https:\/\/www.deadendsedolci.ch\/wp-content\/uploads\/2023\/10\/2023-Dead-Ends-Dolci-\u00a9JT-332-768x512.jpg 768w, https:\/\/www.deadendsedolci.ch\/wp-content\/uploads\/2023\/10\/2023-Dead-Ends-Dolci-\u00a9JT-332-1536x1024.jpg 1536w, https:\/\/www.deadendsedolci.ch\/wp-content\/uploads\/2023\/10\/2023-Dead-Ends-Dolci-\u00a9JT-332-2048x1365.jpg 2048w, https:\/\/www.deadendsedolci.ch\/wp-content\/uploads\/2023\/10\/2023-Dead-Ends-Dolci-\u00a9JT-332-1200x800.jpg 1200w, https:\/\/www.deadendsedolci.ch\/wp-content\/uploads\/2023\/10\/2023-Dead-Ends-Dolci-\u00a9JT-332-1980x1320.jpg 1980w\" sizes=\"auto, (max-width: 580px) 100vw, 580px\" \/>                    <\/div>\n\t\t\t\t\t\t\t\t            <\/div>\n            <div class=\"col-6 text-align\">\n                <div class=\"text\">\n\t\t\t\t\t<p><strong>Cosa sarebbe il ciclismo senza torta, senza gelato, senza dolci?<\/strong><\/p>\n<p>Alla fine di ogni Dead End vi accoglieremo con una dolce specialit\u00e0. Come ricompensa e per darvi nuove energie per il resto della corsa.<\/p>\n                <\/div>\n            <\/div>\n        <\/div>\n    <\/div>\n\n\n\n    <div id=\"aid-gb-text-bild-block_8df9267ebfb52751d962287fee198292\" class=\"aid-gb-text-bild\">\n        <div class=\"row ltr\">\n            <div class=\"col-6\">\n\t\t\t\t                    <div class=\"image slick\">\n\t\t\t\t\t\t<img loading=\"lazy\" decoding=\"async\" width=\"580\" height=\"387\" src=\"https:\/\/www.deadendsedolci.ch\/wp-content\/uploads\/2023\/10\/2023-Dead-Ends-Dolci-\u00a9JT-279-1-1024x683.jpg\" class=\"attachment-large size-large\" alt=\"\" srcset=\"https:\/\/www.deadendsedolci.ch\/wp-content\/uploads\/2023\/10\/2023-Dead-Ends-Dolci-\u00a9JT-279-1-1024x683.jpg 1024w, https:\/\/www.deadendsedolci.ch\/wp-content\/uploads\/2023\/10\/2023-Dead-Ends-Dolci-\u00a9JT-279-1-300x200.jpg 300w, https:\/\/www.deadendsedolci.ch\/wp-content\/uploads\/2023\/10\/2023-Dead-Ends-Dolci-\u00a9JT-279-1-768x512.jpg 768w, https:\/\/www.deadendsedolci.ch\/wp-content\/uploads\/2023\/10\/2023-Dead-Ends-Dolci-\u00a9JT-279-1-1536x1024.jpg 1536w, https:\/\/www.deadendsedolci.ch\/wp-content\/uploads\/2023\/10\/2023-Dead-Ends-Dolci-\u00a9JT-279-1-2048x1365.jpg 2048w, https:\/\/www.deadendsedolci.ch\/wp-content\/uploads\/2023\/10\/2023-Dead-Ends-Dolci-\u00a9JT-279-1-1200x800.jpg 1200w, https:\/\/www.deadendsedolci.ch\/wp-content\/uploads\/2023\/10\/2023-Dead-Ends-Dolci-\u00a9JT-279-1-1980x1320.jpg 1980w\" sizes=\"auto, (max-width: 580px) 100vw, 580px\" \/><img loading=\"lazy\" decoding=\"async\" width=\"580\" height=\"387\" src=\"https:\/\/www.deadendsedolci.ch\/wp-content\/uploads\/2023\/10\/2023_DEeD\u00a9TS-292-1024x683.jpg\" class=\"attachment-large size-large\" alt=\"\" srcset=\"https:\/\/www.deadendsedolci.ch\/wp-content\/uploads\/2023\/10\/2023_DEeD\u00a9TS-292-1024x683.jpg 1024w, https:\/\/www.deadendsedolci.ch\/wp-content\/uploads\/2023\/10\/2023_DEeD\u00a9TS-292-300x200.jpg 300w, https:\/\/www.deadendsedolci.ch\/wp-content\/uploads\/2023\/10\/2023_DEeD\u00a9TS-292-768x512.jpg 768w, https:\/\/www.deadendsedolci.ch\/wp-content\/uploads\/2023\/10\/2023_DEeD\u00a9TS-292-1536x1025.jpg 1536w, https:\/\/www.deadendsedolci.ch\/wp-content\/uploads\/2023\/10\/2023_DEeD\u00a9TS-292-2048x1366.jpg 2048w, https:\/\/www.deadendsedolci.ch\/wp-content\/uploads\/2023\/10\/2023_DEeD\u00a9TS-292-1200x800.jpg 1200w, https:\/\/www.deadendsedolci.ch\/wp-content\/uploads\/2023\/10\/2023_DEeD\u00a9TS-292-1980x1321.jpg 1980w\" sizes=\"auto, (max-width: 580px) 100vw, 580px\" \/><img loading=\"lazy\" decoding=\"async\" width=\"580\" height=\"387\" src=\"https:\/\/www.deadendsedolci.ch\/wp-content\/uploads\/2023\/10\/2023-Dead-Ends-Dolci-\u00a9JT-220-1024x683.jpg\" class=\"attachment-large size-large\" alt=\"\" srcset=\"https:\/\/www.deadendsedolci.ch\/wp-content\/uploads\/2023\/10\/2023-Dead-Ends-Dolci-\u00a9JT-220-1024x683.jpg 1024w, https:\/\/www.deadendsedolci.ch\/wp-content\/uploads\/2023\/10\/2023-Dead-Ends-Dolci-\u00a9JT-220-300x200.jpg 300w, https:\/\/www.deadendsedolci.ch\/wp-content\/uploads\/2023\/10\/2023-Dead-Ends-Dolci-\u00a9JT-220-768x512.jpg 768w, https:\/\/www.deadendsedolci.ch\/wp-content\/uploads\/2023\/10\/2023-Dead-Ends-Dolci-\u00a9JT-220-1536x1024.jpg 1536w, https:\/\/www.deadendsedolci.ch\/wp-content\/uploads\/2023\/10\/2023-Dead-Ends-Dolci-\u00a9JT-220-2048x1365.jpg 2048w, https:\/\/www.deadendsedolci.ch\/wp-content\/uploads\/2023\/10\/2023-Dead-Ends-Dolci-\u00a9JT-220-1200x800.jpg 1200w, https:\/\/www.deadendsedolci.ch\/wp-content\/uploads\/2023\/10\/2023-Dead-Ends-Dolci-\u00a9JT-220-1980x1320.jpg 1980w\" sizes=\"auto, (max-width: 580px) 100vw, 580px\" \/><img loading=\"lazy\" decoding=\"async\" width=\"580\" height=\"387\" src=\"https:\/\/www.deadendsedolci.ch\/wp-content\/uploads\/2023\/10\/2023_DEeD\u00a9TS-384-1-1024x683.jpg\" class=\"attachment-large size-large\" alt=\"\" srcset=\"https:\/\/www.deadendsedolci.ch\/wp-content\/uploads\/2023\/10\/2023_DEeD\u00a9TS-384-1-1024x683.jpg 1024w, https:\/\/www.deadendsedolci.ch\/wp-content\/uploads\/2023\/10\/2023_DEeD\u00a9TS-384-1-300x200.jpg 300w, https:\/\/www.deadendsedolci.ch\/wp-content\/uploads\/2023\/10\/2023_DEeD\u00a9TS-384-1-768x512.jpg 768w, https:\/\/www.deadendsedolci.ch\/wp-content\/uploads\/2023\/10\/2023_DEeD\u00a9TS-384-1-1536x1024.jpg 1536w, https:\/\/www.deadendsedolci.ch\/wp-content\/uploads\/2023\/10\/2023_DEeD\u00a9TS-384-1-2048x1365.jpg 2048w, https:\/\/www.deadendsedolci.ch\/wp-content\/uploads\/2023\/10\/2023_DEeD\u00a9TS-384-1-1200x800.jpg 1200w, https:\/\/www.deadendsedolci.ch\/wp-content\/uploads\/2023\/10\/2023_DEeD\u00a9TS-384-1-1980x1320.jpg 1980w\" sizes=\"auto, (max-width: 580px) 100vw, 580px\" \/><img loading=\"lazy\" decoding=\"async\" width=\"580\" height=\"387\" src=\"https:\/\/www.deadendsedolci.ch\/wp-content\/uploads\/2023\/10\/2023-Dead-Ends-Dolci-\u00a9AT-186-1024x683.jpg\" class=\"attachment-large size-large\" alt=\"\" srcset=\"https:\/\/www.deadendsedolci.ch\/wp-content\/uploads\/2023\/10\/2023-Dead-Ends-Dolci-\u00a9AT-186-1024x683.jpg 1024w, https:\/\/www.deadendsedolci.ch\/wp-content\/uploads\/2023\/10\/2023-Dead-Ends-Dolci-\u00a9AT-186-300x200.jpg 300w, https:\/\/www.deadendsedolci.ch\/wp-content\/uploads\/2023\/10\/2023-Dead-Ends-Dolci-\u00a9AT-186-768x512.jpg 768w, https:\/\/www.deadendsedolci.ch\/wp-content\/uploads\/2023\/10\/2023-Dead-Ends-Dolci-\u00a9AT-186-1536x1024.jpg 1536w, https:\/\/www.deadendsedolci.ch\/wp-content\/uploads\/2023\/10\/2023-Dead-Ends-Dolci-\u00a9AT-186-2048x1365.jpg 2048w, https:\/\/www.deadendsedolci.ch\/wp-content\/uploads\/2023\/10\/2023-Dead-Ends-Dolci-\u00a9AT-186-1200x800.jpg 1200w, https:\/\/www.deadendsedolci.ch\/wp-content\/uploads\/2023\/10\/2023-Dead-Ends-Dolci-\u00a9AT-186-1980x1320.jpg 1980w\" sizes=\"auto, (max-width: 580px) 100vw, 580px\" \/>                    <\/div>\n\t\t\t\t\t\t\t\t            <\/div>\n            <div class=\"col-6 text-align\">\n                <div class=\"text\">\n\t\t\t\t\t<p><strong>Libera scelta del percorso<\/strong><\/p>\n<p>I cinque punti di controllo sono situati in angoli remoti e suggestivi del Ticino. Pianificate il vostro percorso e collegate i punti di controllo nell&#8217;ordine che preferite. Che vogliate andare il pi\u00f9 veloce possibile su una bici da corsa o pi\u00f9 avventurosamente su una gravel bike, pedalate come pi\u00f9 vi piace.<\/p>\n<p>Il Ticino offre innumerevoli belle salite con un traffico quasi inesistente. Grazie al clima mite del sud, gi\u00e0 in aprile possiamo salire in alto e guadagnare metri di altitudine.<\/p>\n                <\/div>\n            <\/div>\n        <\/div>\n    <\/div>\n","protected":false},"excerpt":{"rendered":"<p>cinque strade senza uscita (DEAD ENDS)cinque dolcilibera scelta del percorso\u2248 500 km \/ 10\u2019000 m disl.offroad \/ gravel \/ MTBbikepacking \/ self supported 2 &#8211; 4 Ottobre 2026Bellinzona, Ticino La registrazione per DEAD ENDS &amp; dolci 2026 \u00e8 stata aperta dal 4 al 10 gennaio.I partecipanti fortunati sono stati selezionati tramite sorteggio.La lista d\u2019attesa \u00e8 [&hellip;]<\/p>\n","protected":false},"author":1,"featured_media":5786,"parent":0,"menu_order":12,"comment_status":"closed","ping_status":"closed","template":"","meta":{"_acf_changed":false,"footnotes":""},"class_list":["post-4618","page","type-page","status-publish","has-post-thumbnail","hentry"],"acf":[],"_links":{"self":[{"href":"https:\/\/www.deadendsedolci.ch\/it\/wp-json\/wp\/v2\/pages\/4618","targetHints":{"allow":["GET"]}}],"collection":[{"href":"https:\/\/www.deadendsedolci.ch\/it\/wp-json\/wp\/v2\/pages"}],"about":[{"href":"https:\/\/www.deadendsedolci.ch\/it\/wp-json\/wp\/v2\/types\/page"}],"author":[{"embeddable":true,"href":"https:\/\/www.deadendsedolci.ch\/it\/wp-json\/wp\/v2\/users\/1"}],"replies":[{"embeddable":true,"href":"https:\/\/www.deadendsedolci.ch\/it\/wp-json\/wp\/v2\/comments?post=4618"}],"version-history":[{"count":44,"href":"https:\/\/www.deadendsedolci.ch\/it\/wp-json\/wp\/v2\/pages\/4618\/revisions"}],"predecessor-version":[{"id":6658,"href":"https:\/\/www.deadendsedolci.ch\/it\/wp-json\/wp\/v2\/pages\/4618\/revisions\/6658"}],"wp:featuredmedia":[{"embeddable":true,"href":"https:\/\/www.deadendsedolci.ch\/it\/wp-json\/wp\/v2\/media\/5786"}],"wp:attachment":[{"href":"https:\/\/www.deadendsedolci.ch\/it\/wp-json\/wp\/v2\/media?parent=4618"}],"curies":[{"name":"wp","href":"https:\/\/api.w.org\/{rel}","templated":true}]}}