{"id":5114,"date":"2022-11-23T20:49:06","date_gmt":"2022-11-23T19:49:06","guid":{"rendered":"https:\/\/www.deadendsedolci.ch\/dove-trovare-i-dolci\/"},"modified":"2023-01-15T21:32:31","modified_gmt":"2023-01-15T20:32:31","slug":"dove-trovare-i-dolci","status":"publish","type":"page","link":"https:\/\/www.deadendsedolci.ch\/it\/dove-trovare-i-dolci\/","title":{"rendered":"Checkpoints"},"content":{"rendered":"\n<p><\/p>\n\n\n\n    <div id=\"aid-gb-text-bild-block_f71573188cdd991244f994673b6b647d\" class=\"aid-gb-text-bild\">\n        <div class=\"row ltr\">\n            <div class=\"col-6\">\n\t\t\t\t\t\t\t\t                    <div class=\"iframe\">\n\t\t\t\t\t\t<iframe loading=\"lazy\" src=\"https:\/\/www.komoot.de\/collection\/1880386\/embed\" width=\"100%\" height=\"580\" frameborder=\"0\" scrolling=\"no\"><\/iframe>                    <\/div>\n\t\t\t\t            <\/div>\n            <div class=\"col-6 text-align\">\n                <div class=\"text\">\n\t\t\t\t\t<p>Ecco qui di seguito i cinque checkpoints, dove vi serviremo i dolci Tutti i checkpoints sono obbligatori \u2013 ma potrete scegliere l\u2019ordine con cui raggiungerli e le strade che meglio si adatteranno alla bicicletta con cui deciderete di partecipare. Crea una traccia veloce, una pi\u00f9 versatile o una maggiormente avventurosa \u2013 a te la scelta!<\/p>\n                <\/div>\n            <\/div>\n        <\/div>\n    <\/div>\n\n\n\n    <div id=\"aid-gb-text-bild-block_31dd606ca163862cab10062a4418ee80\" class=\"aid-gb-text-bild\">\n        <div class=\"row rtl\">\n            <div class=\"col-6\">\n\t\t\t\t\t\t\t\t                    <div class=\"iframe\">\n\t\t\t\t\t\t<iframe loading=\"lazy\" src=\"https:\/\/www.komoot.de\/highlight\/5324283\/embed?gallery=1\" width=\"640\" height=\"580\" frameborder=\"0\" scrolling=\"no\"><\/iframe>                    <\/div>\n\t\t\t\t            <\/div>\n            <div class=\"col-6 text-align\">\n                <div class=\"text\">\n\t\t\t\t\t<p><strong>Bellinzona Start &amp; Finish<\/strong><\/p>\n<p>Partenza e arrivo sono a Bellinzona. Probabilmente la citt\u00e0 pi\u00f9 &#8220;italiana&#8221; della Svizzera. Piccoli vicoli di ciottoli, mercati, gelaterie, tre castelli&#8230; Non sorprende che il centro storico faccia parte del patrimonio mondiale dell&#8217;UNESCO.<\/p>\n<p>A Bellinzona abbiamo un posto molto speciale per partenza &amp; arrivo e come nostra sede! Restate sintonizzati per ulteriori dettagli!<\/p>\n                <\/div>\n            <\/div>\n        <\/div>\n    <\/div>\n\n\n\n    <div id=\"aid-gb-text-bild-block_3623b29da2d34975f21559361f61a55e\" class=\"aid-gb-text-bild\">\n        <div class=\"row ltr\">\n            <div class=\"col-6\">\n\t\t\t\t\t\t\t\t                    <div class=\"iframe\">\n\t\t\t\t\t\t<iframe loading=\"lazy\" src=\"https:\/\/www.komoot.de\/highlight\/5324169\/embed?gallery=1\" width=\"640\" height=\"580\" frameborder=\"0\" scrolling=\"no\"><\/iframe>                    <\/div>\n\t\t\t\t            <\/div>\n            <div class=\"col-6 text-align\">\n                <div class=\"text\">\n\t\t\t\t\t<p><strong>Valle di Vergeletto<\/strong><\/p>\n<p>Benvenuti nella giungla! Questo checkpoints vi porter\u00e0 in una regione che non sembra per nulla essere in Svizzera. Ripide colline ricoperte da foreste verdeggianti, cascate, piccoli villaggi con case in pietra del 1500. Questa \u00e8 la Valle Onsernone &#8211; molto dolce, ma mai come la nostra torta! Per guadagnarvela dovrete pedalare fino al termine di una valle laterale ancora pi\u00f9 remota: la Valle di Vergeletto.<\/p>\n<p>La strada in Valle Onsernone fino a Russo \u00e8 stretta e tortuosa (fate attenzione all\u2019orario dei Bus \u2013 pare ce ne siano molti durante le pause caff\u00e8 \ud83d\ude0a). Una volta giunti in localit\u00e0 \u201cPonte Oscuro\u201d \u2013 un triplice incrocio su altrettanti ponti (solo in Svizzera) \u2013 potrai girare a destra nella Valle di Vergeletto. Prima del piccolo paese che da il nome a questa valle, dei magnifici tornanti ti faranno guadagnare quota per giungere nella parte finale della salita. Dolce pi\u00f9 che meritato.<\/p>\n                <\/div>\n            <\/div>\n        <\/div>\n    <\/div>\n\n\n\n    <div id=\"aid-gb-text-bild-block_2494a69871f176174a2541f843553364\" class=\"aid-gb-text-bild\">\n        <div class=\"row rtl\">\n            <div class=\"col-6\">\n\t\t\t\t\t\t\t\t                    <div class=\"iframe\">\n\t\t\t\t\t\t<iframe loading=\"lazy\" src=\"https:\/\/www.komoot.de\/highlight\/5324078\/embed?gallery=1\" width=\"640\" height=\"580\" frameborder=\"0\" scrolling=\"no\"><\/iframe>                    <\/div>\n\t\t\t\t            <\/div>\n            <div class=\"col-6 text-align\">\n                <div class=\"text\">\n\t\t\t\t\t<p><strong>Valle di Muggio \u2013 Scudellate<\/strong><\/p>\n<p>Questa sar\u00e0 la salita pi\u00f9 semplice verso un checkpoint che abbiamo mai avuto in un evento DEAD ENDS! Nessuna tratta particolarmente ripida, asfalto perfettamente scorrevole, boschi magnifici e panorama eccezionale\u2026<br \/>\nAllora dove sar\u00e0 la fregatura vi chiederete? La Valle di Muggio \u00e8 la pi\u00f9 a sud della Svizzera. E certamente, la strada asfaltata sale da sud, quindi non realmente dalla direzione in cui starai giungendo \ud83d\ude09<\/p>\n                <\/div>\n            <\/div>\n        <\/div>\n    <\/div>\n\n\n\n    <div id=\"aid-gb-text-bild-block_ee2e0fde3e0344377bcb5aef8d01a692\" class=\"aid-gb-text-bild\">\n        <div class=\"row ltr\">\n            <div class=\"col-6\">\n\t\t\t\t\t\t\t\t                    <div class=\"iframe\">\n\t\t\t\t\t\t<iframe loading=\"lazy\" src=\"https:\/\/www.komoot.de\/highlight\/5324131\/embed?gallery=1\" width=\"640\" height=\"580\" frameborder=\"0\" scrolling=\"no\"><\/iframe>                    <\/div>\n\t\t\t\t            <\/div>\n            <div class=\"col-6 text-align\">\n                <div class=\"text\">\n\t\t\t\t\t<p><strong>Malcantone (Passo di Monte Faeta)<\/strong><\/p>\n<p>Questo \u201cpasso\u201d \u00e8 ben lontano da ci\u00f2 che hai in mente. Nessun grande cartello, no parcheggi, no ristoranti, no \u201chype\u201d,\u2026 il Passo di Monte Faeta ha un piccolo grill per il fuoco e si trova in mezzo al nulla. La strada \u00e8 proibita alle auto. Arrivando da Novaggio, potrai godere della vista sul lago di Lugano in cima alla salita (Cima Pianca) e pedalare lungo una scorrevole strada sterrata fino al checkpoint. E arrivando dall\u2019altro lato? Bhe, ci sono \u201cstrade\u201d anche l\u00ec\u2026<\/p>\n<p>Il Checkpoint \u201cMalcantone\u201d si trova solo 7 km e cinque tornanti sopra Novaggio. Ma \u2013 verso Novaggio c\u2019\u00e8 una della pi\u00f9 famose salite per ciclisti in Ticino. La \u201cPenudria\u201d- 23 magnifici, ma ripidissimi tornanti fino ad Arosio. Sar\u00e0 una tua scelta se scalare questa tremenda salita \u2013 oppure trovare altre strade per raggiungere il Passo Monte Faeta.<\/p>\n                <\/div>\n            <\/div>\n        <\/div>\n    <\/div>\n\n\n\n    <div id=\"aid-gb-text-bild-block_ec3334f10a05c51bc32f8d739fb0e5b1\" class=\"aid-gb-text-bild\">\n        <div class=\"row rtl\">\n            <div class=\"col-6\">\n\t\t\t\t\t\t\t\t                    <div class=\"iframe\">\n\t\t\t\t\t\t<iframe loading=\"lazy\" src=\"https:\/\/www.komoot.de\/highlight\/5324203\/embed?gallery=1\" width=\"640\" height=\"580\" frameborder=\"0\" scrolling=\"no\"><\/iframe>                    <\/div>\n\t\t\t\t            <\/div>\n            <div class=\"col-6 text-align\">\n                <div class=\"text\">\n\t\t\t\t\t<p><strong>Val Calanca (Braggio)<\/strong><\/p>\n<p>Per giungere a questo checkpoint lasceremo il Ticino per entrare nei Grigioni (non ti preoccupare, non dovrai attraversare le Alpi).<\/p>\n<p>La Val Calanca \u00e8 una valle laterale della Mesolcina: inizialmente bisogner\u00e0 raggiungere il laghetto di Busena dopo aver scalato un tratto ripido. In seguito, sempre accanto al fiume Calancasca pedalerai accanto ad antichi mulini attraversando ponti in pietra. Poich\u00e9 un checkpoint nella parte inferiore nella valle non ti avrebbe fatto godere di una vista spaziosa sulla valle, il dolce ti verr\u00e0 servito in quota nel piccolo villaggio di Braggio.<\/p>\n                <\/div>\n            <\/div>\n        <\/div>\n    <\/div>\n\n\n\n    <div id=\"aid-gb-text-bild-block_33a68ba7ca21dd1f23aeba3d5f9a5416\" class=\"aid-gb-text-bild\">\n        <div class=\"row ltr\">\n            <div class=\"col-6\">\n\t\t\t\t\t\t\t\t                    <div class=\"iframe\">\n\t\t\t\t\t\t<iframe loading=\"lazy\" src=\"https:\/\/www.komoot.de\/highlight\/5324237\/embed?gallery=1\" width=\"640\" height=\"580\" frameborder=\"0\" scrolling=\"no\"><\/iframe>                    <\/div>\n\t\t\t\t            <\/div>\n            <div class=\"col-6 text-align\">\n                <div class=\"text\">\n\t\t\t\t\t<p><strong>Leventina, Somprei<\/strong><\/p>\n<p>La valle Leventina \u00e8 conosciuta soprattutto per essere la via pi\u00f9 veloce per attraversare la Svizzera da nord Sud, giungendo dal passo del San Gottardo e la magnifica strada della Tremola. Lontano dalle vie pi\u00f9 trafficate ci sono ci sono strade secondarie silenziose, percorsi sterrati e tesori nascosti. I famosi grotti con il cibo delizioso, cascate selvagge e villaggi pittoreschi.<\/p>\n<p>Ma questo Checkpoint non sar\u00e0 alla fine della Leventina. Nel villaggio di Faido, ci sono molte strade a tornanti verso il lato soleggiato della valle. Tutte condurranno infine al nostro Checkpoint di Somprei. Chiamarlo villaggio \u00e8 esagerato: Somprei \u00e8 costituito da dodici minuscole capanne di pietra e da un panorama incredibile!<br \/>\n(Gli ultimi 2 km verso Somprei sono su una strada Gravel).<\/p>\n                <\/div>\n            <\/div>\n        <\/div>\n    <\/div>\n\n\n\n    <div id=\"aid-gb-text-bild-block_9920d9502c4f58e0e98d3551271146b1\" class=\"aid-gb-text-bild\">\n        <div class=\"row rtl\">\n            <div class=\"col-6\">\n\t\t\t\t\t\t\t\t                    <div class=\"iframe\">\n\t\t\t\t\t\t<iframe loading=\"lazy\" src=\"https:\/\/www.komoot.de\/highlight\/5397826\/embed?gallery=1\" width=\"640\" height=\"580\" frameborder=\"0\" scrolling=\"no\"><\/iframe>                    <\/div>\n\t\t\t\t            <\/div>\n            <div class=\"col-6 text-align\">\n                <div class=\"text\">\n\t\t\t\t\t<p><strong>Percorso obbligatorio &#8211; Valle di Blenio<\/strong><\/p>\n<p>Questo percorso extra obbligatorio vi porter\u00e0 nella splendida Valle di Blenio, chiamata anche &#8220;Valle del Sole&#8221;.<br \/>\nVi faremo visitare i resti del Castello di Serravalle. Un tratto breve, ma molto suggestivo per rallentare e spingere\/portare la bicicletta attraverso le rovine dell&#8217;antico castello.<\/p>\n<p>*Il percorso \u00e8 obbligatorio, ma pu\u00f2 essere percorso a scelta!<\/p>\n                <\/div>\n            <\/div>\n        <\/div>\n    <\/div>\n","protected":false},"excerpt":{"rendered":"","protected":false},"author":2,"featured_media":4552,"parent":0,"menu_order":30,"comment_status":"closed","ping_status":"closed","template":"","meta":{"_acf_changed":false,"footnotes":""},"class_list":["post-5114","page","type-page","status-publish","has-post-thumbnail","hentry"],"acf":[],"_links":{"self":[{"href":"https:\/\/www.deadendsedolci.ch\/it\/wp-json\/wp\/v2\/pages\/5114","targetHints":{"allow":["GET"]}}],"collection":[{"href":"https:\/\/www.deadendsedolci.ch\/it\/wp-json\/wp\/v2\/pages"}],"about":[{"href":"https:\/\/www.deadendsedolci.ch\/it\/wp-json\/wp\/v2\/types\/page"}],"author":[{"embeddable":true,"href":"https:\/\/www.deadendsedolci.ch\/it\/wp-json\/wp\/v2\/users\/2"}],"replies":[{"embeddable":true,"href":"https:\/\/www.deadendsedolci.ch\/it\/wp-json\/wp\/v2\/comments?post=5114"}],"version-history":[{"count":12,"href":"https:\/\/www.deadendsedolci.ch\/it\/wp-json\/wp\/v2\/pages\/5114\/revisions"}],"predecessor-version":[{"id":5546,"href":"https:\/\/www.deadendsedolci.ch\/it\/wp-json\/wp\/v2\/pages\/5114\/revisions\/5546"}],"wp:featuredmedia":[{"embeddable":true,"href":"https:\/\/www.deadendsedolci.ch\/it\/wp-json\/wp\/v2\/media\/4552"}],"wp:attachment":[{"href":"https:\/\/www.deadendsedolci.ch\/it\/wp-json\/wp\/v2\/media?parent=5114"}],"curies":[{"name":"wp","href":"https:\/\/api.w.org\/{rel}","templated":true}]}}