{"id":5670,"date":"2023-02-26T15:06:04","date_gmt":"2023-02-26T14:06:04","guid":{"rendered":"https:\/\/www.deadendsedolci.ch\/they-will-ride-for-dolci\/"},"modified":"2025-09-29T11:19:30","modified_gmt":"2025-09-29T09:19:30","slug":"live","status":"publish","type":"page","link":"https:\/\/www.deadendsedolci.ch\/it\/live\/","title":{"rendered":"live"},"content":{"rendered":"\n<p>Tutti i ciclisti sono dotati di un GPS-Tracker. Seguite i loro &#8220;dots&#8221; per vedere tutti i diversi percorsi. Quale sar\u00e0 il percorso pi\u00f9 veloce? Chi pedaler\u00e0 durante la notte?<\/p>\n\n\n\n<div id=\"fmcSmartContainer\"><\/div><script>\n(function(){\n    const u=[\"https:\/\/www.followmychallenge.com\/live\/ded25\/\",\"https:\/\/www2.followmychallenge.com\/live\/ded25\/\",\"https:\/\/www3.followmychallenge.com\/live\/ded25\/\"],p=\"application\/img\/blanco_px.png\",t=5000,h=\"800\",w=\"100%\",c=\"fmcSmartContainer\";\n    function C(){let e=document.getElementById(c);if(!e){e=document.createElement(\"div\");e.id=c;document.body.appendChild(e);}return e;}\n    function A(url){return new Promise(r=>{const i=new Image();let o=false;const s=setTimeout(()=>{if(!o){o=true;r(false);}},t);i.onload=()=>{if(!o){clearTimeout(s);o=true;r(true);}};i.onerror=()=>{if(!o){clearTimeout(s);o=true;r(false);}};i.src=`${url}${p}?${Date.now()}`;});}\n    function I(url){const e=C(),i=document.createElement(\"iframe\");i.src=`${url}?iframe`;i.width=w;i.height=h;i.frameBorder=\"0\";i.style.border=\"none\";e.appendChild(i);console.log(`Iframe loaded from ${i.src}`);}\n    function E(){const e=C(),i=document.createElement(\"p\");i.textContent=\"The webserver might be down. Please check again later.\";i.style.color=\"red\";i.style.fontFamily=\"Arial, sans-serif\";e.appendChild(i);}\n    async function S(){for(let r=0;r<u.length;r++){const e=u[r];console.log(`Attempting: ${e}`);const o=await A(e);if(o){I(e);return;}else{console.warn(`Fallback: ${e} unavailable.`);}}console.error(\"All server attempts failed.\");E();}\n    if(document.readyState===\"loading\"){document.addEventListener(\"DOMContentLoaded\",S);}else{S();}\n})();\n<\/script>\n\n\n\n<p>Per ulteriori aggiornamenti, immagini e impressioni dal viaggio, visitateci su Instagram: <a href=\"https:\/\/www.instagram.com\/dead_ends_e_dolci\/\">DEAD ENDS &amp; dolci<\/a><\/p>\n","protected":false},"excerpt":{"rendered":"<p>Tutti i ciclisti sono dotati di un GPS-Tracker. Seguite i loro &#8220;dots&#8221; per vedere tutti i diversi percorsi. Quale sar\u00e0 il percorso pi\u00f9 veloce? Chi pedaler\u00e0 durante la notte? Per ulteriori aggiornamenti, immagini e impressioni dal viaggio, visitateci su Instagram: DEAD ENDS &amp; dolci<\/p>\n","protected":false},"author":2,"featured_media":6635,"parent":0,"menu_order":7,"comment_status":"closed","ping_status":"closed","template":"","meta":{"_acf_changed":false,"footnotes":""},"class_list":["post-5670","page","type-page","status-publish","has-post-thumbnail","hentry"],"acf":[],"_links":{"self":[{"href":"https:\/\/www.deadendsedolci.ch\/it\/wp-json\/wp\/v2\/pages\/5670","targetHints":{"allow":["GET"]}}],"collection":[{"href":"https:\/\/www.deadendsedolci.ch\/it\/wp-json\/wp\/v2\/pages"}],"about":[{"href":"https:\/\/www.deadendsedolci.ch\/it\/wp-json\/wp\/v2\/types\/page"}],"author":[{"embeddable":true,"href":"https:\/\/www.deadendsedolci.ch\/it\/wp-json\/wp\/v2\/users\/2"}],"replies":[{"embeddable":true,"href":"https:\/\/www.deadendsedolci.ch\/it\/wp-json\/wp\/v2\/comments?post=5670"}],"version-history":[{"count":9,"href":"https:\/\/www.deadendsedolci.ch\/it\/wp-json\/wp\/v2\/pages\/5670\/revisions"}],"predecessor-version":[{"id":6636,"href":"https:\/\/www.deadendsedolci.ch\/it\/wp-json\/wp\/v2\/pages\/5670\/revisions\/6636"}],"wp:featuredmedia":[{"embeddable":true,"href":"https:\/\/www.deadendsedolci.ch\/it\/wp-json\/wp\/v2\/media\/6635"}],"wp:attachment":[{"href":"https:\/\/www.deadendsedolci.ch\/it\/wp-json\/wp\/v2\/media?parent=5670"}],"curies":[{"name":"wp","href":"https:\/\/api.w.org\/{rel}","templated":true}]}}