{"id":6384,"date":"2024-01-09T20:16:46","date_gmt":"2024-01-09T19:16:46","guid":{"rendered":"https:\/\/www.deadendsedolci.ch\/?page_id=6384"},"modified":"2024-09-07T23:51:16","modified_gmt":"2024-09-07T21:51:16","slug":"checkpoints-2024","status":"publish","type":"page","link":"https:\/\/www.deadendsedolci.ch\/it\/checkpoints-2024\/","title":{"rendered":"Checkpoints 2024"},"content":{"rendered":"\n<p>Quest&#8217;anno vi porteremo in alcuni dei luoghi pi\u00f9 remoti del Ticino. Strade sterrate e poco battute vi condurranno ai Checkpoint e, cosa pi\u00f9 importante, ai Dolci!<\/p>\n\n\n\n<p><br><\/p>\n\n\n\n    <div id=\"aid-gb-text-bild-block_b24064aa5cbe2afbcfd6f876750585b7\" class=\"aid-gb-text-bild\">\n        <div class=\"row ltr\">\n            <div class=\"col-6\">\n\t\t\t\t\t\t\t\t                    <div class=\"iframe\">\n\t\t\t\t\t\t<iframe loading=\"lazy\" src=\"https:\/\/www.komoot.com\/collection\/3051137\/embed\" width=\"100%\" height=\"580\" frameborder=\"0\" scrolling=\"no\"><\/iframe>                    <\/div>\n\t\t\t\t            <\/div>\n            <div class=\"col-6 text-align\">\n                <div class=\"text\">\n\t\t\t\t\t<p>Siamo molto felici di condividere le posizioni esatte dei nostri sei Checkpoint per questa edizione di DEAD ENDS &amp; dolci. La distanza sar\u00e0 un po&#8217; minore, ma le salite aumenteranno. L&#8217;idea di fondo non \u00e8 quella di farvi soffrire. Ma di portarvi nei luoghi pi\u00f9 belli.\u00a0E vogliamo fare in modo che possiate godervi un intero weekend in sella. Certo, i pi\u00f9 veloci torneranno in giornata, ma preparatevi a stare in giro per pi\u00f9 di un giorno.<\/p>\n<p>Si tratta di un&#8217;escursione su terreni misti. Ma non c&#8217;\u00e8 bisogno di una Mountainbike o di gomme grosse e estremamente tassellate. Qualcosa di veloce con un certo comfort (40-45 mm di larghezza) sar\u00e0 l&#8217;opzione migliore &#8211; non \u00e8 fatto per le roadbike!!! La ghiaia per raggiungere i punti di controllo \u00e8\u00a0generalmente \u00a0di buona qualit\u00e0 e solo le ultime centinaia di metri verso alcuni punti di controllo possono comportare un po&#8217; di hike-a-bike. La cosa pi\u00f9 importante saranno i rapporti!!! Montate le marce pi\u00f9 leggere che potete!<\/p>\n                <\/div>\n            <\/div>\n        <\/div>\n    <\/div>\n\n\n\n    <div id=\"aid-gb-text-bild-block_27c527c5e1d39ba18a94414e44619e36\" class=\"aid-gb-text-bild\">\n        <div class=\"row rtl\">\n            <div class=\"col-6\">\n\t\t\t\t\t\t\t\t                    <div class=\"iframe\">\n\t\t\t\t\t\t<iframe loading=\"lazy\" src=\"https:\/\/www.komoot.com\/collection\/3064586\/embed\" width=\"100%\" height=\"580\" frameborder=\"0\" scrolling=\"no\"><\/iframe>                    <\/div>\n\t\t\t\t            <\/div>\n            <div class=\"col-6 text-align\">\n                <div class=\"text\">\n\t\t\t\t\t<p>Il nostro obiettivo \u00e8 quello di offrirvi le migliori strade in cui pedalare in Ticino. Per questo motivo abbiamo una serie di strade su cui non \u00e8 consentito transitare. Principalmente si tratta di strade principali brutte e pericolose, ma in altri casi lo facciamo per rendere le cose un po&#8217; pi\u00f9 vivaci.<\/p>\n<p>(\u00c8 consentito attraversare queste strade in modo diretto, da un lato all\u2019altro, ma non percorrerle nei rispettivi sensi di marcia) )<\/p>\n                <\/div>\n            <\/div>\n        <\/div>\n    <\/div>\n\n\n\n<figure class=\"wp-block-embed is-type-video is-provider-youtube wp-block-embed-youtube wp-embed-aspect-16-9 wp-has-aspect-ratio\"><div class=\"wp-block-embed__wrapper\">\n<iframe loading=\"lazy\" title=\"DEAD ENDS &amp; dolci - Checkpoint Preview 2024\" width=\"580\" height=\"326\" src=\"https:\/\/www.youtube.com\/embed\/2tPBgXIy2so?feature=oembed\" frameborder=\"0\" allow=\"accelerometer; autoplay; clipboard-write; encrypted-media; gyroscope; picture-in-picture; web-share\" referrerpolicy=\"strict-origin-when-cross-origin\" allowfullscreen><\/iframe>\n<\/div><\/figure>\n","protected":false},"excerpt":{"rendered":"<p>Quest&#8217;anno vi porteremo in alcuni dei luoghi pi\u00f9 remoti del Ticino. Strade sterrate e poco battute vi condurranno ai Checkpoint e, cosa pi\u00f9 importante, ai Dolci!<\/p>\n","protected":false},"author":2,"featured_media":5932,"parent":0,"menu_order":52,"comment_status":"closed","ping_status":"closed","template":"","meta":{"_acf_changed":false,"footnotes":""},"class_list":["post-6384","page","type-page","status-publish","has-post-thumbnail","hentry"],"acf":[],"_links":{"self":[{"href":"https:\/\/www.deadendsedolci.ch\/it\/wp-json\/wp\/v2\/pages\/6384","targetHints":{"allow":["GET"]}}],"collection":[{"href":"https:\/\/www.deadendsedolci.ch\/it\/wp-json\/wp\/v2\/pages"}],"about":[{"href":"https:\/\/www.deadendsedolci.ch\/it\/wp-json\/wp\/v2\/types\/page"}],"author":[{"embeddable":true,"href":"https:\/\/www.deadendsedolci.ch\/it\/wp-json\/wp\/v2\/users\/2"}],"replies":[{"embeddable":true,"href":"https:\/\/www.deadendsedolci.ch\/it\/wp-json\/wp\/v2\/comments?post=6384"}],"version-history":[{"count":4,"href":"https:\/\/www.deadendsedolci.ch\/it\/wp-json\/wp\/v2\/pages\/6384\/revisions"}],"predecessor-version":[{"id":6479,"href":"https:\/\/www.deadendsedolci.ch\/it\/wp-json\/wp\/v2\/pages\/6384\/revisions\/6479"}],"wp:featuredmedia":[{"embeddable":true,"href":"https:\/\/www.deadendsedolci.ch\/it\/wp-json\/wp\/v2\/media\/5932"}],"wp:attachment":[{"href":"https:\/\/www.deadendsedolci.ch\/it\/wp-json\/wp\/v2\/media?parent=6384"}],"curies":[{"name":"wp","href":"https:\/\/api.w.org\/{rel}","templated":true}]}}